{"id":9739,"date":"2022-03-29T21:17:04","date_gmt":"2022-03-29T19:17:04","guid":{"rendered":"https:\/\/sustain-shop.de\/?post_type=product&#038;p=9739"},"modified":"2025-02-19T21:57:10","modified_gmt":"2025-02-19T20:57:10","slug":"olympiastuetzpunkt-mrn-ladies-polo-shirt-grau-meliert-mit-gewebtem-osp-baumwoll-patch","status":"publish","type":"product","link":"https:\/\/sustain-shop.de\/en\/product\/olympiastuetzpunkt-mrn-ladies-polo-shirt-grau-meliert-mit-gewebtem-osp-baumwoll-patch","title":{"rendered":"Olympiast\u00fctzpunkt MRN | Ladies Polo-Shirt  | Grau meliert mit Brustprint"},"content":{"rendered":"<h2>Olympiast\u00fctzpunkt Metropolregion Rhein-Neckar<\/h2>\n<h3>Ladies Polo-Shirt mit Brustprint<\/h3>\n<p>100% Baumwolle (Bio), fair gehandelt.<\/p>\n<p>Bitte beachten: Produktionsbedingt k\u00f6nnen Abweichungen auftreten. Wir behalten uns vor, auf andere Basismodelle auszuweichen. Dies kann je nach Verf\u00fcgbarkeit oder zur Verbesserung der Qualit\u00e4t erfolgen.<\/p>\n","protected":false},"excerpt":{"rendered":"<h3>Ladies Polo-Shirt\u00a0mit Brustprint<\/h3>\n<p>100% Baumwolle (Bio)<\/p>\n","protected":false},"featured_media":10366,"template":"","meta":{"inline_featured_image":false},"product_brand":[],"product_cat":[400,414],"product_tag":[],"class_list":{"0":"post-9739","1":"product","2":"type-product","3":"status-publish","4":"has-post-thumbnail","6":"product_cat-olympiastuetzpunkt-mrn","7":"product_cat-polo-shirts","9":"first","10":"instock","11":"taxable","12":"shipping-taxable","13":"purchasable","14":"product-type-variable"},"_links":{"self":[{"href":"https:\/\/sustain-shop.de\/en\/wp-json\/wp\/v2\/product\/9739","targetHints":{"allow":["GET"]}}],"collection":[{"href":"https:\/\/sustain-shop.de\/en\/wp-json\/wp\/v2\/product"}],"about":[{"href":"https:\/\/sustain-shop.de\/en\/wp-json\/wp\/v2\/types\/product"}],"wp:featuredmedia":[{"embeddable":true,"href":"https:\/\/sustain-shop.de\/en\/wp-json\/wp\/v2\/media\/10366"}],"wp:attachment":[{"href":"https:\/\/sustain-shop.de\/en\/wp-json\/wp\/v2\/media?parent=9739"}],"wp:term":[{"taxonomy":"product_brand","embeddable":true,"href":"https:\/\/sustain-shop.de\/en\/wp-json\/wp\/v2\/product_brand?post=9739"},{"taxonomy":"product_cat","embeddable":true,"href":"https:\/\/sustain-shop.de\/en\/wp-json\/wp\/v2\/product_cat?post=9739"},{"taxonomy":"product_tag","embeddable":true,"href":"https:\/\/sustain-shop.de\/en\/wp-json\/wp\/v2\/product_tag?post=9739"}],"curies":[{"name":"wp","href":"https:\/\/api.w.org\/{rel}","templated":true}]}}