{"id":9721,"date":"2022-03-29T21:17:03","date_gmt":"2022-03-29T19:17:03","guid":{"rendered":"https:\/\/sustain-shop.de\/?post_type=product&#038;p=9721"},"modified":"2026-04-01T12:48:54","modified_gmt":"2026-04-01T10:48:54","slug":"olympiastuetzpunkt-mrn-unisex-polo-shirt-schwarz-mit-gewebtem-osp-baumwoll-patch","status":"publish","type":"product","link":"https:\/\/sustain-shop.de\/en\/product\/olympiastuetzpunkt-mrn-unisex-polo-shirt-schwarz-mit-gewebtem-osp-baumwoll-patch","title":{"rendered":"Olympiast\u00fctzpunkt MRN | Unisex Polo-Shirt  | Schwarz mit Brustprint"},"content":{"rendered":"<h2>Olympiast\u00fctzpunkt Metropolregion Rhein-Neckar<\/h2>\n<h3>Unisex Polo-Shirt mit Brustprint<\/h3>\n<p>100% Baumwolle (Bio), fair gehandelt.<\/p>\n<p>Bitte beachten: Produktionsbedingt k\u00f6nnen Abweichungen auftreten. Wir behalten uns vor, auf andere Basismodelle auszuweichen. Dies kann je nach Verf\u00fcgbarkeit oder zur Verbesserung der Qualit\u00e4t erfolgen.<\/p>\n","protected":false},"excerpt":{"rendered":"<h3>Unisex Polo-Shirt\u00a0mit Brustprint<\/h3>\n<p>100% Baumwolle (Bio)<\/p>\n","protected":false},"featured_media":10360,"template":"","meta":{"inline_featured_image":false},"product_brand":[],"product_cat":[400,415],"product_tag":[],"class_list":{"0":"post-9721","1":"product","2":"type-product","3":"status-publish","4":"has-post-thumbnail","6":"product_cat-olympiastuetzpunkt-mrn","7":"product_cat-polo-shirts-2","9":"first","10":"instock","11":"taxable","12":"shipping-taxable","13":"purchasable","14":"product-type-variable"},"_links":{"self":[{"href":"https:\/\/sustain-shop.de\/en\/wp-json\/wp\/v2\/product\/9721","targetHints":{"allow":["GET"]}}],"collection":[{"href":"https:\/\/sustain-shop.de\/en\/wp-json\/wp\/v2\/product"}],"about":[{"href":"https:\/\/sustain-shop.de\/en\/wp-json\/wp\/v2\/types\/product"}],"wp:featuredmedia":[{"embeddable":true,"href":"https:\/\/sustain-shop.de\/en\/wp-json\/wp\/v2\/media\/10360"}],"wp:attachment":[{"href":"https:\/\/sustain-shop.de\/en\/wp-json\/wp\/v2\/media?parent=9721"}],"wp:term":[{"taxonomy":"product_brand","embeddable":true,"href":"https:\/\/sustain-shop.de\/en\/wp-json\/wp\/v2\/product_brand?post=9721"},{"taxonomy":"product_cat","embeddable":true,"href":"https:\/\/sustain-shop.de\/en\/wp-json\/wp\/v2\/product_cat?post=9721"},{"taxonomy":"product_tag","embeddable":true,"href":"https:\/\/sustain-shop.de\/en\/wp-json\/wp\/v2\/product_tag?post=9721"}],"curies":[{"name":"wp","href":"https:\/\/api.w.org\/{rel}","templated":true}]}}