{"id":15338,"date":"2025-03-25T10:10:13","date_gmt":"2025-03-25T09:10:13","guid":{"rendered":"https:\/\/sustain-shop.de\/?post_type=product&#038;p=15338"},"modified":"2025-03-25T11:03:07","modified_gmt":"2025-03-25T10:03:07","slug":"olympiastuetzpunkt-mrn-wintermantel-damen-schwarz-mit-osp-logo","status":"publish","type":"product","link":"https:\/\/sustain-shop.de\/en\/product\/olympiastuetzpunkt-mrn-wintermantel-damen-schwarz-mit-osp-logo","title":{"rendered":"Olympiast\u00fctzpunkt MRN | Wintermantel Damen | Schwarz mit OSP Logo"},"content":{"rendered":"<h2>Olympiast\u00fctzpunkt Metropolregion Rhein-Neckar<\/h2>\n<h3>Damen Wintermantel mit OSP-Logodruck<\/h3>\n<p><strong>Material:<br \/>\n<\/strong>Au\u00dfenmaterial:<br \/>\nZweischichtiger Taft<br \/>\n100 % Polyester (recycelt) mit TPU<br \/>\nMembran Futter:<br \/>\nTaft<br \/>\n100 % Polyester (recycelt) 400T<br \/>\nPolsterung:<br \/>\n100 % Daunen,<br \/>\n360g\/St\u00fcck Polyester (recycelt)<\/p>\n<p>Bequeme und deckende Schnittform<br \/>\nGef\u00fctterte Kapuze mit Zugb\u00e4ndern, Metall\u00f6sen und Stoppern aus Kautschuk<br \/>\nVerschwei\u00dfte N\u00e4hte an der Kapuze, den Schultern und den \u00c4rmeln<br \/>\nHaupt\u00f6ffnung mit eingespritztem Kunststoff-Rei\u00dfverschluss mit Doppelschieber aus Metall<br \/>\nHaupt\u00f6ffnung mit versteckter Leiste und Magnetverschluss am Kragen und am Saum f\u00fcr einen maximalen Schutz gegen die K\u00e4lte<br \/>\nSeitentaschen mit wasserabweisendem, umgekehrtem Rei\u00dfverschluss<br \/>\n\u00c4rmelb\u00fcndchen mit elastischem Futter f\u00fcr den Tragekomfort und K\u00e4lteschutz<br \/>\nInnenseite mit flauschigem Steppfutter<br \/>\nDicke und bequeme F\u00fcllung<br \/>\nAufgesetzte Innentasche mit Magnetverschluss<br \/>\nVertikale Innentasche mit unsichtbarem Rei\u00dfverschluss auf der linken Seite<\/p>\n<p>Bitte beachten: Produktionsbedingt k\u00f6nnen Abweichungen auftreten. Wir behalten uns vor, auf andere Basismodelle auszuweichen. Dies kann je nach Verf\u00fcgbarkeit oder zur Verbesserung der Qualit\u00e4t erfolgen.  <\/p>\n","protected":false},"excerpt":{"rendered":"<h3>Damen Wintermantel mit OSP Logodruck<\/h3>\n","protected":false},"featured_media":15248,"template":"","meta":{"inline_featured_image":false},"product_brand":[],"product_cat":[371,402],"product_tag":[],"class_list":{"0":"post-15338","1":"product","2":"type-product","3":"status-publish","4":"has-post-thumbnail","6":"product_cat-jackets-women","7":"product_cat-olympiastuetzpunkt-mrn-en","9":"first","10":"instock","11":"taxable","12":"shipping-taxable","13":"purchasable","14":"product-type-variable","15":"has-default-attributes"},"_links":{"self":[{"href":"https:\/\/sustain-shop.de\/en\/wp-json\/wp\/v2\/product\/15338","targetHints":{"allow":["GET"]}}],"collection":[{"href":"https:\/\/sustain-shop.de\/en\/wp-json\/wp\/v2\/product"}],"about":[{"href":"https:\/\/sustain-shop.de\/en\/wp-json\/wp\/v2\/types\/product"}],"wp:featuredmedia":[{"embeddable":true,"href":"https:\/\/sustain-shop.de\/en\/wp-json\/wp\/v2\/media\/15248"}],"wp:attachment":[{"href":"https:\/\/sustain-shop.de\/en\/wp-json\/wp\/v2\/media?parent=15338"}],"wp:term":[{"taxonomy":"product_brand","embeddable":true,"href":"https:\/\/sustain-shop.de\/en\/wp-json\/wp\/v2\/product_brand?post=15338"},{"taxonomy":"product_cat","embeddable":true,"href":"https:\/\/sustain-shop.de\/en\/wp-json\/wp\/v2\/product_cat?post=15338"},{"taxonomy":"product_tag","embeddable":true,"href":"https:\/\/sustain-shop.de\/en\/wp-json\/wp\/v2\/product_tag?post=15338"}],"curies":[{"name":"wp","href":"https:\/\/api.w.org\/{rel}","templated":true}]}}