{"id":15290,"date":"2025-03-24T14:37:08","date_gmt":"2025-03-24T13:37:08","guid":{"rendered":"https:\/\/sustain-shop.de\/?post_type=product&#038;p=15290"},"modified":"2025-03-25T11:03:37","modified_gmt":"2025-03-25T10:03:37","slug":"olympiastuetzpunkt-mrn-regenjacke-schwarz-mit-osp-logo","status":"publish","type":"product","link":"https:\/\/sustain-shop.de\/en\/product\/olympiastuetzpunkt-mrn-regenjacke-schwarz-mit-osp-logo","title":{"rendered":"Olympiast\u00fctzpunkt MRN | Regenjacke | Schwarz mit OSP Logo"},"content":{"rendered":"<h2>Olympiast\u00fctzpunkt Metropolregion Rhein-Neckar<\/h2>\n<h3>Regenjacke mit OSP-Logodruck aus recyceltem Polyester<\/h3>\n<p><strong>Material:<br \/>\n<\/strong>100% Polyester (recycelt)<\/p>\n<p>Bitte beachten: Produktionsbedingt k\u00f6nnen Abweichungen auftreten. Wir behalten uns vor, auf andere Basismodelle auszuweichen. Dies kann je nach Verf\u00fcgbarkeit oder zur Verbesserung der Qualit\u00e4t erfolgen.  <\/p>\n","protected":false},"excerpt":{"rendered":"<h3>Regenjacke mit OSP Logodruck<\/h3>\n","protected":false},"featured_media":15264,"template":"","meta":{"inline_featured_image":false},"product_brand":[],"product_cat":[372,402],"product_tag":[],"class_list":{"0":"post-15290","1":"product","2":"type-product","3":"status-publish","4":"has-post-thumbnail","6":"product_cat-jackets-unisex","7":"product_cat-olympiastuetzpunkt-mrn-en","9":"first","10":"instock","11":"taxable","12":"shipping-taxable","13":"purchasable","14":"product-type-variable","15":"has-default-attributes"},"_links":{"self":[{"href":"https:\/\/sustain-shop.de\/en\/wp-json\/wp\/v2\/product\/15290","targetHints":{"allow":["GET"]}}],"collection":[{"href":"https:\/\/sustain-shop.de\/en\/wp-json\/wp\/v2\/product"}],"about":[{"href":"https:\/\/sustain-shop.de\/en\/wp-json\/wp\/v2\/types\/product"}],"wp:featuredmedia":[{"embeddable":true,"href":"https:\/\/sustain-shop.de\/en\/wp-json\/wp\/v2\/media\/15264"}],"wp:attachment":[{"href":"https:\/\/sustain-shop.de\/en\/wp-json\/wp\/v2\/media?parent=15290"}],"wp:term":[{"taxonomy":"product_brand","embeddable":true,"href":"https:\/\/sustain-shop.de\/en\/wp-json\/wp\/v2\/product_brand?post=15290"},{"taxonomy":"product_cat","embeddable":true,"href":"https:\/\/sustain-shop.de\/en\/wp-json\/wp\/v2\/product_cat?post=15290"},{"taxonomy":"product_tag","embeddable":true,"href":"https:\/\/sustain-shop.de\/en\/wp-json\/wp\/v2\/product_tag?post=15290"}],"curies":[{"name":"wp","href":"https:\/\/api.w.org\/{rel}","templated":true}]}}