{"id":15286,"date":"2025-03-24T13:22:06","date_gmt":"2025-03-24T12:22:06","guid":{"rendered":"https:\/\/sustain-shop.de\/?post_type=product&#038;p=15286"},"modified":"2025-03-25T11:03:25","modified_gmt":"2025-03-25T10:03:25","slug":"olympiastuetzpunkt-mrn-gymsac-schwarz-mit-osp-logo","status":"publish","type":"product","link":"https:\/\/sustain-shop.de\/en\/product\/olympiastuetzpunkt-mrn-gymsac-schwarz-mit-osp-logo","title":{"rendered":"Olympiast\u00fctzpunkt MRN | Gymsac | Schwarz mit OSP Logo"},"content":{"rendered":"<h2>Olympiast\u00fctzpunkt Metropolregion Rhein-Neckar<\/h2>\n<h3>Turnbeutel mit OSP-Logodruck<\/h3>\n<p><strong>Material:<br \/>\n<\/strong>100% Baumwolle (Bio), fair gehandelt<\/p>\n<p><strong>Ma\u00dfe:<br \/>\n<\/strong>37 cm x 47 cm<\/p>\n<p><span style=\"font-size: 14.4px;\">Bitte beachten: Produktionsbedingt k\u00f6nnen Abweichungen auftreten. Wir behalten uns vor, auf andere Basismodelle auszuweichen. Dies kann je nach Verf\u00fcgbarkeit oder zur Verbesserung der Qualit\u00e4t erfolgen.  <\/span><\/p>\n","protected":false},"excerpt":{"rendered":"<h3>Turnbeutel mit OSP Logodruck<\/h3>\n<p>&nbsp;<\/p>\n","protected":false},"featured_media":15288,"template":"","meta":{"inline_featured_image":false},"product_brand":[],"product_cat":[345,402],"product_tag":[],"class_list":{"0":"post-15286","1":"product","2":"type-product","3":"status-publish","4":"has-post-thumbnail","6":"product_cat-bags","7":"product_cat-olympiastuetzpunkt-mrn-en","9":"first","10":"instock","11":"taxable","12":"shipping-taxable","13":"purchasable","14":"product-type-simple"},"_links":{"self":[{"href":"https:\/\/sustain-shop.de\/en\/wp-json\/wp\/v2\/product\/15286","targetHints":{"allow":["GET"]}}],"collection":[{"href":"https:\/\/sustain-shop.de\/en\/wp-json\/wp\/v2\/product"}],"about":[{"href":"https:\/\/sustain-shop.de\/en\/wp-json\/wp\/v2\/types\/product"}],"wp:featuredmedia":[{"embeddable":true,"href":"https:\/\/sustain-shop.de\/en\/wp-json\/wp\/v2\/media\/15288"}],"wp:attachment":[{"href":"https:\/\/sustain-shop.de\/en\/wp-json\/wp\/v2\/media?parent=15286"}],"wp:term":[{"taxonomy":"product_brand","embeddable":true,"href":"https:\/\/sustain-shop.de\/en\/wp-json\/wp\/v2\/product_brand?post=15286"},{"taxonomy":"product_cat","embeddable":true,"href":"https:\/\/sustain-shop.de\/en\/wp-json\/wp\/v2\/product_cat?post=15286"},{"taxonomy":"product_tag","embeddable":true,"href":"https:\/\/sustain-shop.de\/en\/wp-json\/wp\/v2\/product_tag?post=15286"}],"curies":[{"name":"wp","href":"https:\/\/api.w.org\/{rel}","templated":true}]}}