{"id":15284,"date":"2025-03-24T09:51:26","date_gmt":"2025-03-24T08:51:26","guid":{"rendered":"https:\/\/sustain-shop.de\/?post_type=product&#038;p=15284"},"modified":"2025-03-25T11:03:16","modified_gmt":"2025-03-25T10:03:16","slug":"olympiastuetzpunkt-mrn-pencil-case-schwarz-mit-osp-baumwoll-patch-kopie","status":"publish","type":"product","link":"https:\/\/sustain-shop.de\/en\/product\/olympiastuetzpunkt-mrn-pencil-case-schwarz-mit-osp-baumwoll-patch-kopie","title":{"rendered":"Olympiast\u00fctzpunkt MRN | Badetuch | Schwarz mit OSP Baumwoll-Patch"},"content":{"rendered":"<h2>Olympiast\u00fctzpunkt Metropolregion Rhein-Neckar<\/h2>\n<h3>Bio Dusch-\/ Badetuch mit Baumwoll-Patch<\/h3>\n<p><strong>Material:<br \/>\n<\/strong>100% Baumwolle (Bio)<\/p>\n<p><strong>Ma\u00dfe:<br \/>\n<\/strong>140 cm x 70 cm<\/p>\n<p><span style=\"font-size: 14.4px;\">Bitte beachten: Produktionsbedingt k\u00f6nnen Abweichungen auftreten. Wir behalten uns vor, auf andere Basismodelle auszuweichen. Dies kann je nach Verf\u00fcgbarkeit oder zur Verbesserung der Qualit\u00e4t erfolgen.  <\/span><\/p>\n","protected":false},"excerpt":{"rendered":"<h3>Badetuch mit Baumwoll-Patch<\/h3>\n<p>&nbsp;<\/p>\n","protected":false},"featured_media":15262,"template":"","meta":{"inline_featured_image":false},"product_brand":[],"product_cat":[402,494],"product_tag":[],"class_list":{"0":"post-15284","1":"product","2":"type-product","3":"status-publish","4":"has-post-thumbnail","6":"product_cat-olympiastuetzpunkt-mrn-en","7":"product_cat-towels","9":"first","10":"instock","11":"taxable","12":"shipping-taxable","13":"purchasable","14":"product-type-simple"},"_links":{"self":[{"href":"https:\/\/sustain-shop.de\/en\/wp-json\/wp\/v2\/product\/15284","targetHints":{"allow":["GET"]}}],"collection":[{"href":"https:\/\/sustain-shop.de\/en\/wp-json\/wp\/v2\/product"}],"about":[{"href":"https:\/\/sustain-shop.de\/en\/wp-json\/wp\/v2\/types\/product"}],"wp:featuredmedia":[{"embeddable":true,"href":"https:\/\/sustain-shop.de\/en\/wp-json\/wp\/v2\/media\/15262"}],"wp:attachment":[{"href":"https:\/\/sustain-shop.de\/en\/wp-json\/wp\/v2\/media?parent=15284"}],"wp:term":[{"taxonomy":"product_brand","embeddable":true,"href":"https:\/\/sustain-shop.de\/en\/wp-json\/wp\/v2\/product_brand?post=15284"},{"taxonomy":"product_cat","embeddable":true,"href":"https:\/\/sustain-shop.de\/en\/wp-json\/wp\/v2\/product_cat?post=15284"},{"taxonomy":"product_tag","embeddable":true,"href":"https:\/\/sustain-shop.de\/en\/wp-json\/wp\/v2\/product_tag?post=15284"}],"curies":[{"name":"wp","href":"https:\/\/api.w.org\/{rel}","templated":true}]}}