{"id":15280,"date":"2025-03-23T21:45:03","date_gmt":"2025-03-23T20:45:03","guid":{"rendered":"https:\/\/sustain-shop.de\/?post_type=product&#038;p=15280"},"modified":"2025-03-25T11:04:15","modified_gmt":"2025-03-25T10:04:15","slug":"olympiastuetzpunkt-mrn-reisetasche-schwarz-mit-osp-baumwoll-patch","status":"publish","type":"product","link":"https:\/\/sustain-shop.de\/en\/product\/olympiastuetzpunkt-mrn-reisetasche-schwarz-mit-osp-baumwoll-patch","title":{"rendered":"Olympiast\u00fctzpunkt MRN | Reisetasche | Schwarz mit OSP Baumwoll-Patch"},"content":{"rendered":"<h2>Olympiast\u00fctzpunkt Metropolregion Rhein-Neckar<\/h2>\n<h3>Reisetasche mit Baumwoll-Patch<\/h3>\n<p><strong>Material:<\/strong> 100% Baumwolle (Bio)<\/p>\n<p>Sport- und Reisetasche mit verst\u00e4rkten Griffen<br \/>\nentlang des Taschenk\u00f6rpers.<\/p>\n<p>\u00d6ffnung mit doppeltem Rei\u00dfverschluss. Gef\u00fcttert mit Innentasche mit Rei\u00dfverschluss und Rei\u00dfverschluss zur individuellen Aufdruckerstellung aus recyceltem Nylon.<br \/>\nRei\u00dfverschluss zum \u00d6ffnen aus recyceltem Metall. Verst\u00e4rkte Henkel.  <\/p>\n<p><strong>Ma\u00dfe:<\/strong><br \/>\n50 cm x 25 cm x 25 cm<\/p>\n<p>Bitte beachten: Produktionsbedingt k\u00f6nnen Abweichungen auftreten. Wir behalten uns vor, auf andere Basismodelle auszuweichen. Dies kann je nach Verf\u00fcgbarkeit oder zur Verbesserung der Qualit\u00e4t erfolgen.  <\/p>\n","protected":false},"excerpt":{"rendered":"<h3>Reisetasche mit Baumwoll-Patch.<\/h3>\n","protected":false},"featured_media":15274,"template":"","meta":{"inline_featured_image":false},"product_brand":[],"product_cat":[345,402],"product_tag":[],"class_list":{"0":"post-15280","1":"product","2":"type-product","3":"status-publish","4":"has-post-thumbnail","6":"product_cat-bags","7":"product_cat-olympiastuetzpunkt-mrn-en","9":"first","10":"instock","11":"taxable","12":"shipping-taxable","13":"purchasable","14":"product-type-simple"},"_links":{"self":[{"href":"https:\/\/sustain-shop.de\/en\/wp-json\/wp\/v2\/product\/15280","targetHints":{"allow":["GET"]}}],"collection":[{"href":"https:\/\/sustain-shop.de\/en\/wp-json\/wp\/v2\/product"}],"about":[{"href":"https:\/\/sustain-shop.de\/en\/wp-json\/wp\/v2\/types\/product"}],"wp:featuredmedia":[{"embeddable":true,"href":"https:\/\/sustain-shop.de\/en\/wp-json\/wp\/v2\/media\/15274"}],"wp:attachment":[{"href":"https:\/\/sustain-shop.de\/en\/wp-json\/wp\/v2\/media?parent=15280"}],"wp:term":[{"taxonomy":"product_brand","embeddable":true,"href":"https:\/\/sustain-shop.de\/en\/wp-json\/wp\/v2\/product_brand?post=15280"},{"taxonomy":"product_cat","embeddable":true,"href":"https:\/\/sustain-shop.de\/en\/wp-json\/wp\/v2\/product_cat?post=15280"},{"taxonomy":"product_tag","embeddable":true,"href":"https:\/\/sustain-shop.de\/en\/wp-json\/wp\/v2\/product_tag?post=15280"}],"curies":[{"name":"wp","href":"https:\/\/api.w.org\/{rel}","templated":true}]}}