{"id":15278,"date":"2025-03-22T12:32:10","date_gmt":"2025-03-22T11:32:10","guid":{"rendered":"https:\/\/sustain-shop.de\/?post_type=product&#038;p=15278"},"modified":"2025-03-25T11:13:54","modified_gmt":"2025-03-25T10:13:54","slug":"olympiastuetzpunkt-mrn-cap-schwarz-mit-osp-logo","status":"publish","type":"product","link":"https:\/\/sustain-shop.de\/en\/product\/olympiastuetzpunkt-mrn-cap-schwarz-mit-osp-logo","title":{"rendered":"Olympiast\u00fctzpunkt MRN | Cap | Schwarz mit OSP Logo"},"content":{"rendered":"<h2>Olympiast\u00fctzpunkt Metropolregion Rhein-Neckar<\/h2>\n<h3>Kappe mit OSP-Logodruck<\/h3>\n<p>100% cotton (organic)<\/p>\n<p>Gr\u00f6\u00dfe verstellbar \u00fcber Zugschnalle aus recyceltem Metall<\/p>\n<p>Bitte beachten: Produktionsbedingt k\u00f6nnen Abweichungen auftreten. Wir behalten uns vor, auf andere Basismodelle auszuweichen. Dies kann je nach Verf\u00fcgbarkeit oder zur Verbesserung der Qualit\u00e4t erfolgen.  <\/p>\n","protected":false},"excerpt":{"rendered":"<h3>Kappe mit einfarbigem OSP Aufdruck.<\/h3>\n<p>100% cotton (organic)<br \/>\nZugschnalle aus recyceltem Metall<\/p>\n","protected":false},"featured_media":15272,"template":"","meta":{"inline_featured_image":false},"product_brand":[],"product_cat":[461,402],"product_tag":[],"class_list":{"0":"post-15278","1":"product","2":"type-product","3":"status-publish","4":"has-post-thumbnail","6":"product_cat-headwear","7":"product_cat-olympiastuetzpunkt-mrn-en","9":"first","10":"instock","11":"taxable","12":"shipping-taxable","13":"purchasable","14":"product-type-simple"},"_links":{"self":[{"href":"https:\/\/sustain-shop.de\/en\/wp-json\/wp\/v2\/product\/15278","targetHints":{"allow":["GET"]}}],"collection":[{"href":"https:\/\/sustain-shop.de\/en\/wp-json\/wp\/v2\/product"}],"about":[{"href":"https:\/\/sustain-shop.de\/en\/wp-json\/wp\/v2\/types\/product"}],"wp:featuredmedia":[{"embeddable":true,"href":"https:\/\/sustain-shop.de\/en\/wp-json\/wp\/v2\/media\/15272"}],"wp:attachment":[{"href":"https:\/\/sustain-shop.de\/en\/wp-json\/wp\/v2\/media?parent=15278"}],"wp:term":[{"taxonomy":"product_brand","embeddable":true,"href":"https:\/\/sustain-shop.de\/en\/wp-json\/wp\/v2\/product_brand?post=15278"},{"taxonomy":"product_cat","embeddable":true,"href":"https:\/\/sustain-shop.de\/en\/wp-json\/wp\/v2\/product_cat?post=15278"},{"taxonomy":"product_tag","embeddable":true,"href":"https:\/\/sustain-shop.de\/en\/wp-json\/wp\/v2\/product_tag?post=15278"}],"curies":[{"name":"wp","href":"https:\/\/api.w.org\/{rel}","templated":true}]}}