{"id":15237,"date":"2025-03-20T19:29:19","date_gmt":"2025-03-20T18:29:19","guid":{"rendered":"https:\/\/sustain-shop.de\/?post_type=product&#038;p=15237"},"modified":"2025-03-25T11:45:48","modified_gmt":"2025-03-25T10:45:48","slug":"olympiastuetzpunkt-mrn-edelstahl-trinkflasche-750ml-silber-mit-osp-gravur","status":"publish","type":"product","link":"https:\/\/sustain-shop.de\/en\/product\/olympiastuetzpunkt-mrn-edelstahl-trinkflasche-750ml-silber-mit-osp-gravur","title":{"rendered":"Olympiast\u00fctzpunkt MRN | Edelstahl Trinkflasche 750ml | Silber mit OSP Gravur"},"content":{"rendered":"<h2>Olympiast\u00fctzpunkt Metropolregion Rhein-Neckar<\/h2>\n<h3>Doppelwandige Edelstahl Thermosflasche mit Gravur<\/h3>\n<p><strong>F\u00fcllmenge:<\/strong><br \/>\n750 ml<\/p>\n<p><strong>Material:<\/strong><br \/>\nEdelstahl 304 und 201<br \/>\nDeckelinnenseite aus PP, Dichtung aus Silikon<br \/>\nBPA-frei<br \/>\nFrei von Schadstoffen<br \/>\nLebensmittelecht<\/p>\n<p><strong>Ma\u00dfe:<\/strong><br \/>\n21,6 cm hoch \/ \u00f8 76 mm<\/p>\n<p>Bitte beachten: Produktionsbedingt k\u00f6nnen Abweichungen auftreten. Wir behalten uns vor, auf andere Basismodelle auszuweichen. Dies kann je nach Verf\u00fcgbarkeit oder zur Verbesserung der Qualit\u00e4t erfolgen.  <\/p>\n","protected":false},"excerpt":{"rendered":"<h3>Edelstahl Thermosflasche mit Gravur<\/h3>\n","protected":false},"featured_media":15239,"template":"","meta":{"inline_featured_image":false},"product_brand":[],"product_cat":[172,492,402],"product_tag":[],"class_list":{"0":"post-15237","1":"product","2":"type-product","3":"status-publish","4":"has-post-thumbnail","6":"product_cat-accessories","7":"product_cat-bottles","8":"product_cat-olympiastuetzpunkt-mrn-en","10":"first","11":"instock","12":"taxable","13":"shipping-taxable","14":"purchasable","15":"product-type-simple"},"_links":{"self":[{"href":"https:\/\/sustain-shop.de\/en\/wp-json\/wp\/v2\/product\/15237","targetHints":{"allow":["GET"]}}],"collection":[{"href":"https:\/\/sustain-shop.de\/en\/wp-json\/wp\/v2\/product"}],"about":[{"href":"https:\/\/sustain-shop.de\/en\/wp-json\/wp\/v2\/types\/product"}],"wp:featuredmedia":[{"embeddable":true,"href":"https:\/\/sustain-shop.de\/en\/wp-json\/wp\/v2\/media\/15239"}],"wp:attachment":[{"href":"https:\/\/sustain-shop.de\/en\/wp-json\/wp\/v2\/media?parent=15237"}],"wp:term":[{"taxonomy":"product_brand","embeddable":true,"href":"https:\/\/sustain-shop.de\/en\/wp-json\/wp\/v2\/product_brand?post=15237"},{"taxonomy":"product_cat","embeddable":true,"href":"https:\/\/sustain-shop.de\/en\/wp-json\/wp\/v2\/product_cat?post=15237"},{"taxonomy":"product_tag","embeddable":true,"href":"https:\/\/sustain-shop.de\/en\/wp-json\/wp\/v2\/product_tag?post=15237"}],"curies":[{"name":"wp","href":"https:\/\/api.w.org\/{rel}","templated":true}]}}