{"id":15093,"date":"2022-03-29T21:17:05","date_gmt":"2022-03-29T19:17:05","guid":{"rendered":"https:\/\/sustain-shop.de\/produkt\/olympiastuetzpunkt-mrn-sweatpants-grau-meliert-mit-osp-baumwoll-patch"},"modified":"2022-03-29T21:17:05","modified_gmt":"2022-03-29T19:17:05","slug":"olympiastuetzpunkt-mrn-sweatpants-grau-meliert-mit-osp-baumwoll-patch","status":"publish","type":"product","link":"https:\/\/sustain-shop.de\/en\/product\/olympiastuetzpunkt-mrn-sweatpants-grau-meliert-mit-osp-baumwoll-patch","title":{"rendered":"Olympiast\u00fctzpunkt MRN | Sweatpants | Grau meliert mit OSP Baumwoll-Patch"},"content":{"rendered":"<h2>Olympiast\u00fctzpunkt Metropolregion Rhein-Neckar<\/h2>\n<h3>Sweatpants mit gewebtem Baumwoll-Patch<\/h3>\n<p>100% cotton (organic), fair trade<\/p>\n<p>Bitte beachten: Produktionsbedingt k\u00f6nnen Abweichungen auftreten. Wir behalten uns vor, auf andere Basismodelle auszuweichen. Dies kann je nach Verf\u00fcgbarkeit oder zur Verbesserung der Qualit\u00e4t erfolgen.  <\/p>\n","protected":false},"excerpt":{"rendered":"<h3>Sweatpants mit gewebtem Baumwoll-Patch<\/h3>\n<p>100% cotton (organic)<\/p>\n","protected":false},"featured_media":9696,"template":"","meta":{"inline_featured_image":false},"product_brand":[],"product_cat":[402,471],"product_tag":[],"class_list":{"0":"post-15093","1":"product","2":"type-product","3":"status-publish","4":"has-post-thumbnail","6":"product_cat-olympiastuetzpunkt-mrn-en","7":"product_cat-pants","9":"first","10":"instock","11":"taxable","12":"shipping-taxable","13":"purchasable","14":"product-type-variable"},"_links":{"self":[{"href":"https:\/\/sustain-shop.de\/en\/wp-json\/wp\/v2\/product\/15093","targetHints":{"allow":["GET"]}}],"collection":[{"href":"https:\/\/sustain-shop.de\/en\/wp-json\/wp\/v2\/product"}],"about":[{"href":"https:\/\/sustain-shop.de\/en\/wp-json\/wp\/v2\/types\/product"}],"wp:featuredmedia":[{"embeddable":true,"href":"https:\/\/sustain-shop.de\/en\/wp-json\/wp\/v2\/media\/9696"}],"wp:attachment":[{"href":"https:\/\/sustain-shop.de\/en\/wp-json\/wp\/v2\/media?parent=15093"}],"wp:term":[{"taxonomy":"product_brand","embeddable":true,"href":"https:\/\/sustain-shop.de\/en\/wp-json\/wp\/v2\/product_brand?post=15093"},{"taxonomy":"product_cat","embeddable":true,"href":"https:\/\/sustain-shop.de\/en\/wp-json\/wp\/v2\/product_cat?post=15093"},{"taxonomy":"product_tag","embeddable":true,"href":"https:\/\/sustain-shop.de\/en\/wp-json\/wp\/v2\/product_tag?post=15093"}],"curies":[{"name":"wp","href":"https:\/\/api.w.org\/{rel}","templated":true}]}}