{"id":15082,"date":"2023-01-28T18:57:26","date_gmt":"2023-01-28T17:57:26","guid":{"rendered":"https:\/\/sustain-shop.de\/produkt\/olympiastuetzpunkt-mrn-ladies-t-shirt-grau-meliert-mit-front-und-backprint"},"modified":"2023-01-28T18:57:26","modified_gmt":"2023-01-28T17:57:26","slug":"olympiastuetzpunkt-mrn-ladies-t-shirt-grau-meliert-mit-front-und-backprint","status":"publish","type":"product","link":"https:\/\/sustain-shop.de\/en\/product\/olympiastuetzpunkt-mrn-ladies-t-shirt-grau-meliert-mit-front-und-backprint","title":{"rendered":"Olympiast\u00fctzpunkt MRN | Ladies T-Shirt | Grau meliert mit Front- und Backprint"},"content":{"rendered":"<h2>Olympiast\u00fctzpunkt Metropolregion Rhein-Neckar<\/h2>\n<h3>Ladies T-Shirt<\/h3>\n<p>100% cotton (organic), fair trade<\/p>\n<p>Bitte beachten: Produktionsbedingt k\u00f6nnen Abweichungen auftreten. Wir behalten uns vor, auf andere Basismodelle auszuweichen. Dies kann je nach Verf\u00fcgbarkeit oder zur Verbesserung der Qualit\u00e4t erfolgen.  <\/p>\n","protected":false},"excerpt":{"rendered":"<h3>Ladies T-Shirt<\/h3>\n<p>100% cotton (organic)<\/p>\n","protected":false},"featured_media":11605,"template":"","meta":{"inline_featured_image":false},"product_brand":[],"product_cat":[402,180],"product_tag":[],"class_list":{"0":"post-15082","1":"product","2":"type-product","3":"status-publish","4":"has-post-thumbnail","6":"product_cat-olympiastuetzpunkt-mrn-en","7":"product_cat-t-shirts-women","9":"first","10":"instock","11":"taxable","12":"shipping-taxable","13":"purchasable","14":"product-type-variable"},"_links":{"self":[{"href":"https:\/\/sustain-shop.de\/en\/wp-json\/wp\/v2\/product\/15082","targetHints":{"allow":["GET"]}}],"collection":[{"href":"https:\/\/sustain-shop.de\/en\/wp-json\/wp\/v2\/product"}],"about":[{"href":"https:\/\/sustain-shop.de\/en\/wp-json\/wp\/v2\/types\/product"}],"wp:featuredmedia":[{"embeddable":true,"href":"https:\/\/sustain-shop.de\/en\/wp-json\/wp\/v2\/media\/11605"}],"wp:attachment":[{"href":"https:\/\/sustain-shop.de\/en\/wp-json\/wp\/v2\/media?parent=15082"}],"wp:term":[{"taxonomy":"product_brand","embeddable":true,"href":"https:\/\/sustain-shop.de\/en\/wp-json\/wp\/v2\/product_brand?post=15082"},{"taxonomy":"product_cat","embeddable":true,"href":"https:\/\/sustain-shop.de\/en\/wp-json\/wp\/v2\/product_cat?post=15082"},{"taxonomy":"product_tag","embeddable":true,"href":"https:\/\/sustain-shop.de\/en\/wp-json\/wp\/v2\/product_tag?post=15082"}],"curies":[{"name":"wp","href":"https:\/\/api.w.org\/{rel}","templated":true}]}}